{"id":200,"date":"2025-09-25T16:45:57","date_gmt":"2025-09-25T16:45:57","guid":{"rendered":"https:\/\/amigopatagon.cl\/?page_id=200"},"modified":"2025-12-29T19:23:40","modified_gmt":"2025-12-29T19:23:40","slug":"nosotros","status":"publish","type":"page","link":"https:\/\/amigopatagon.cl\/en\/nosotros\/","title":{"rendered":"Us"},"content":{"rendered":"<h3 class=\"wp-block-heading\"><strong>Amigo Patag\u00f3n: Tradition and Adventure in the Heart of Patagonia<\/strong><\/h3>\n\n\n\n<p>We are a family passionate about our land and, for over a decade, dedicated to ensuring that every visitor takes away an unforgettable memory of Villa O\u2019Higgins. Our story began among fires and flavors in the gastronomic service, where we learned that true tourism is built on hospitality and dedication.<\/p>\n\n\n\n<p>Three years ago, we decided to take that vocation to the water with <strong>Amigo Patag\u00f3n<\/strong>connecting travelers with the majesty of the Great O\u2019Higgins Glacier and facilitating the historic International Crossing to Candelario Mancilla. Today, we take a new leap in innovation: we incorporate our service of <strong>Jet Boat<\/strong>. Una propuesta dise\u00f1ada para explorar los alrededores de la Villa con agilidad y adrenalina, permitiendo descubrir rincones inalcanzables de una manera \u00fanica.<\/p>\n\n\n\n<p><strong>Ten years of experience, a family at your service.<\/strong><\/p>\n\n\n\n\n\n\n\n<h3 class=\"wp-block-heading\"><strong>The Adventure Begins Where the Road Ends<\/strong><\/h3>\n\n\n\n<h4 class=\"wp-block-heading\"><strong>For over three years, Amigo Patag\u00f3n has invited travelers from around the world to discover the majestic Lake O\u2019Higgins, one of the purest and most breathtaking corners of southern Chile.<\/strong><\/h4>\n\n\n\n<p>On board our modern vessel, you will sail through waters of an unmatched turquoise blue, surrounded by imposing mountains and ancient glaciers that seem straight out of another world.<\/p>\n\n\n\n<h3 class=\"wp-block-heading\"><strong>Why choose Amigo Patag\u00f3n?<\/strong><\/h3>\n\n\n\n<p>We have designed an experience that balances the adrenaline of exploration with the comfort you deserve:<\/p>\n\n\n\n<ol class=\"wp-block-list\">\n<li><strong>Technology and Comfort:<\/strong> We sail on a modern and safe boat, specifically designed for the conditions of the area.<\/li>\n\n\n\n<li><strong>Exclusive Groups:<\/strong> With capacity for only <strong>26 passengers<\/strong>we guarantee personalized attention and a privileged view for everyone.<\/li>\n\n\n\n<li><strong>Safety Above All:<\/strong> An expert crew and state-of-the-art equipment so your only concern is enjoying the scenery.<\/li>\n\n\n\n<li><strong>Unique Landscapes:<\/strong> Direct access to views of the Southern Patagonian Ice Field and hidden corners that can only be discovered from the water.<\/li>\n\n\n\n<li><strong>Offers and Discounts<\/strong>:\n<ul class=\"wp-block-list\">\n<li>O\u2019Higgins Glacier: Families of 5 or more members will receive a 6% discount.<\/li>\n\n\n\n<li>Candelario Mansilla: For groups of 10 or more people, the price per passenger is $55,000 CLP per person.<\/li>\n<\/ul>\n<\/li>\n<\/ol>\n\n\n\n<figure class=\"wp-block-image size-large\"><img fetchpriority=\"high\" decoding=\"async\" width=\"1024\" height=\"461\" src=\"https:\/\/amigopatagon.cl\/wp-content\/uploads\/2025\/09\/Tres-Lagos-1024x461.jpeg\" alt=\"\" class=\"wp-image-208\" srcset=\"https:\/\/amigopatagon.cl\/wp-content\/uploads\/2025\/09\/Tres-Lagos-1024x461.jpeg 1024w, https:\/\/amigopatagon.cl\/wp-content\/uploads\/2025\/09\/Tres-Lagos-300x135.jpeg 300w, https:\/\/amigopatagon.cl\/wp-content\/uploads\/2025\/09\/Tres-Lagos-768x346.jpeg 768w, https:\/\/amigopatagon.cl\/wp-content\/uploads\/2025\/09\/Tres-Lagos-1536x691.jpeg 1536w, https:\/\/amigopatagon.cl\/wp-content\/uploads\/2025\/09\/Tres-Lagos-133x60.jpeg 133w, https:\/\/amigopatagon.cl\/wp-content\/uploads\/2025\/09\/Tres-Lagos-600x270.jpeg 600w, https:\/\/amigopatagon.cl\/wp-content\/uploads\/2025\/09\/Tres-Lagos.jpeg 1600w\" sizes=\"(max-width: 1024px) 100vw, 1024px\" \/><\/figure>","protected":false},"excerpt":{"rendered":"<p>Amigo Patag\u00f3n: Tradici\u00f3n y Aventura en el Coraz\u00f3n de la Patagonia Somos una familia apasionada por nuestra tierra y dedicada, desde hace m\u00e1s de una d\u00e9cada, a que cada visitante &hellip; <\/p>","protected":false},"author":1,"featured_media":0,"parent":0,"menu_order":0,"comment_status":"closed","ping_status":"closed","template":"","meta":{"footnotes":""},"class_list":["post-200","page","type-page","status-publish","hentry"],"jetpack_sharing_enabled":true,"_links":{"self":[{"href":"https:\/\/amigopatagon.cl\/en\/wp-json\/wp\/v2\/pages\/200","targetHints":{"allow":["GET"]}}],"collection":[{"href":"https:\/\/amigopatagon.cl\/en\/wp-json\/wp\/v2\/pages"}],"about":[{"href":"https:\/\/amigopatagon.cl\/en\/wp-json\/wp\/v2\/types\/page"}],"author":[{"embeddable":true,"href":"https:\/\/amigopatagon.cl\/en\/wp-json\/wp\/v2\/users\/1"}],"replies":[{"embeddable":true,"href":"https:\/\/amigopatagon.cl\/en\/wp-json\/wp\/v2\/comments?post=200"}],"version-history":[{"count":5,"href":"https:\/\/amigopatagon.cl\/en\/wp-json\/wp\/v2\/pages\/200\/revisions"}],"predecessor-version":[{"id":687,"href":"https:\/\/amigopatagon.cl\/en\/wp-json\/wp\/v2\/pages\/200\/revisions\/687"}],"wp:attachment":[{"href":"https:\/\/amigopatagon.cl\/en\/wp-json\/wp\/v2\/media?parent=200"}],"curies":[{"name":"wp","href":"https:\/\/api.w.org\/{rel}","templated":true}]}}